{"id":13,"date":"2022-12-27T13:12:35","date_gmt":"2022-12-27T13:12:35","guid":{"rendered":"https:\/\/kowal-kominiarz.pl\/?page_id=13"},"modified":"2024-02-04T19:13:24","modified_gmt":"2024-02-04T19:13:24","slug":"strona-glowna","status":"publish","type":"page","link":"https:\/\/kowal-kominiarz.pl\/","title":{"rendered":""},"content":{"rendered":"\n<div class=\"wp-block-cover alignfull is-light hestia-clear-top-padding\" style=\"min-height:429px\"><span aria-hidden=\"true\" class=\"wp-block-cover__background has-white-background-color has-background-dim-100 has-background-dim\"><\/span><div class=\"wp-block-cover__inner-container is-layout-flow wp-block-cover-is-layout-flow\">\n<h2 class=\"wp-block-heading has-text-align-center has-text-color\" style=\"color:#3c4858\">Kominiarz z zami\u0142owania<\/h2>\n\n\n\n<div style=\"height:40px\" aria-hidden=\"true\" class=\"wp-block-spacer\"><\/div>\n\n\n\n<div class=\"wp-block-columns container is-layout-flex wp-container-core-columns-layout-1 wp-block-columns-is-layout-flex\">\n<div class=\"wp-block-column is-layout-flow wp-block-column-is-layout-flow\"><div class=\"wp-block-image\">\n<figure class=\"aligncenter size-full is-resized\"><img loading=\"lazy\" decoding=\"async\" width=\"512\" height=\"512\" src=\"https:\/\/kowal-kominiarz.pl\/wp-content\/uploads\/2023\/02\/chimney.png\" alt=\"\" class=\"wp-image-97\" style=\"width:64px\" srcset=\"https:\/\/kowal-kominiarz.pl\/wp-content\/uploads\/2023\/02\/chimney.png 512w, https:\/\/kowal-kominiarz.pl\/wp-content\/uploads\/2023\/02\/chimney-300x300.png 300w, https:\/\/kowal-kominiarz.pl\/wp-content\/uploads\/2023\/02\/chimney-150x150.png 150w\" sizes=\"(max-width: 512px) 100vw, 512px\" \/><\/figure><\/div>\n\n\n<h5 class=\"wp-block-heading has-text-align-center has-text-color\" style=\"color:#3c4858;font-size:18px\">Fachowo\u015b\u0107<\/h5>\n\n\n\n<p class=\"has-text-align-center has-text-color\" style=\"color:#999999;font-size:14px\">Kominiarstwem zajmuje si\u0119 od 6 lat. Swoj\u0105 staranno\u015bci\u0105 chc\u0119 zapewni\u0107 zadowolenie klienta.<\/p>\n\n\n\n<div style=\"height:25px\" aria-hidden=\"true\" class=\"wp-block-spacer\"><\/div>\n<\/div>\n\n\n\n<div class=\"wp-block-column is-layout-flow wp-block-column-is-layout-flow\"><div class=\"wp-block-image\">\n<figure class=\"aligncenter size-full is-resized\"><img loading=\"lazy\" decoding=\"async\" width=\"512\" height=\"512\" src=\"https:\/\/kowal-kominiarz.pl\/wp-content\/uploads\/2023\/02\/time.png\" alt=\"\" class=\"wp-image-93\" style=\"width:64px;height:64px\" srcset=\"https:\/\/kowal-kominiarz.pl\/wp-content\/uploads\/2023\/02\/time.png 512w, https:\/\/kowal-kominiarz.pl\/wp-content\/uploads\/2023\/02\/time-300x300.png 300w, https:\/\/kowal-kominiarz.pl\/wp-content\/uploads\/2023\/02\/time-150x150.png 150w\" sizes=\"(max-width: 512px) 100vw, 512px\" \/><\/figure><\/div>\n\n\n<h5 class=\"wp-block-heading has-text-align-center has-text-color\" style=\"color:#3c4858;font-size:18px\">TERMINOWO\u015a\u0106<\/h5>\n\n\n\n<p class=\"has-text-align-center has-text-color\" style=\"color:#999999;font-size:14px\">Swoje us\u0142ugi staram si\u0119 wykonywa\u0107 w mo\u017cliwie najkr\u00f3tszym czasie od otrzymania zlecenia. <\/p>\n\n\n\n<div style=\"height:25px\" aria-hidden=\"true\" class=\"wp-block-spacer\"><\/div>\n<\/div>\n\n\n\n<div class=\"wp-block-column is-layout-flow wp-block-column-is-layout-flow\"><div class=\"wp-block-image\">\n<figure class=\"aligncenter size-full is-resized\"><img loading=\"lazy\" decoding=\"async\" width=\"150\" height=\"150\" src=\"https:\/\/kowal-kominiarz.pl\/wp-content\/uploads\/2024\/02\/ccc.png\" alt=\"\" class=\"wp-image-161\" style=\"width:64px;height:64px\"\/><\/figure><\/div>\n\n\n<h5 class=\"wp-block-heading has-text-align-center has-text-color\" style=\"color:#3c4858;font-size:18px\">Transparentno\u015b\u0107<\/h5>\n\n\n\n<p class=\"has-text-align-center has-text-color\" style=\"color:#999999;font-size:14px\">Dzia\u0142am zgodnie z prawem. <br>Do ka\u017cdej us\u0142ugi wystawiam paragon lub faktur\u0119.<\/p>\n\n\n\n<div style=\"height:25px\" aria-hidden=\"true\" class=\"wp-block-spacer\"><\/div>\n<\/div>\n<\/div>\n\n\n\n<div class=\"wp-block-columns is-layout-flex wp-container-core-columns-layout-2 wp-block-columns-is-layout-flex\">\n<div class=\"wp-block-column is-layout-flow wp-block-column-is-layout-flow\">\n<h4><strong>Jestem kominiarzem z zami\u0142owania i pasji.<\/strong>\u00a0<\/h4>\n<h4>Moim celem jest dostarczanie fachowych i kompleksowych us\u0142ug dla moich klient\u00f3w.<br \/>Oferuj\u0119 pe\u0142en zakres us\u0142ug. Od podstawowego czyszczenia przewod\u00f3w po czyszczenia mechaniczne.\u00a0<br \/>Dzi\u0119ki tytu\u0142owi mistrza zawodu kominiarz posiadam uprawnienia do wystawiania wszelkich za\u015bwiadcze\u0144, opinii oraz przeprowadzania odbior\u00f3w budynk\u00f3w.\u00a0<br \/>Je\u015bli chcecie pa\u0144stwo potwierdzi\u0107 moje uprawnienia, prosz\u0119 o kontakt z cechem kominiarskim w kt\u00f3rym jestem zrzeszony:\u00a0<br \/><strong>Mi\u0119dzywojew\u00f3dzki Cech Kominiarzy<\/strong> &#8211; tel. 14 626 03 95\u00a0 https:\/\/kominiarskicech.pl\/<\/h4>\n<h4>Pracuje na terenie Krakowa i wszystkich miejscowo\u015bci w promieniu do 50km od miasta<\/h4>\n<h4>Serdecznie zapraszam do kontaktu, oraz zapoznania si\u0119 z relacjami zdj\u0119ciowymi z realizowanych przeze mnie zlece\u0144.\u00a0<\/h4>\n<\/div>\n<\/div>\n<\/div><\/div>\n\n\n\n<div class=\"wp-block-columns is-layout-flex wp-container-core-columns-layout-4 wp-block-columns-is-layout-flex\">\n<div class=\"wp-block-column is-layout-flow wp-block-column-is-layout-flow\">\n<div class=\"wp-block-columns is-layout-flex wp-container-core-columns-layout-3 wp-block-columns-is-layout-flex\">\n<div class=\"wp-block-column is-layout-flow wp-block-column-is-layout-flow\">\n<h2 class=\"wp-block-heading\"><strong>Zapraszam do kontaktu<\/strong><\/h2>\n\n\n\n<h3 class=\"wp-block-heading\"><img loading=\"lazy\" decoding=\"async\" width=\"512\" height=\"512\" class=\"wp-image-89\" style=\"width: 64px;\" src=\"https:\/\/kowal-kominiarz.pl\/wp-content\/uploads\/2023\/02\/smartphone.png\" alt=\"\" srcset=\"https:\/\/kowal-kominiarz.pl\/wp-content\/uploads\/2023\/02\/smartphone.png 512w, https:\/\/kowal-kominiarz.pl\/wp-content\/uploads\/2023\/02\/smartphone-300x300.png 300w, https:\/\/kowal-kominiarz.pl\/wp-content\/uploads\/2023\/02\/smartphone-150x150.png 150w\" sizes=\"(max-width: 512px) 100vw, 512px\" \/><strong>  514 14 83 83 <\/strong><\/h3>\n\n\n\n<h3 class=\"wp-block-heading\"><img loading=\"lazy\" decoding=\"async\" width=\"512\" height=\"512\" class=\"wp-image-90\" style=\"width: 64px;\" src=\"https:\/\/kowal-kominiarz.pl\/wp-content\/uploads\/2023\/02\/email.png\" alt=\"\" srcset=\"https:\/\/kowal-kominiarz.pl\/wp-content\/uploads\/2023\/02\/email.png 512w, https:\/\/kowal-kominiarz.pl\/wp-content\/uploads\/2023\/02\/email-300x300.png 300w, https:\/\/kowal-kominiarz.pl\/wp-content\/uploads\/2023\/02\/email-150x150.png 150w\" sizes=\"(max-width: 512px) 100vw, 512px\" \/><strong> kowal.kominiarz@gmail.com<\/strong><\/h3>\n<\/div>\n\n\n\n<div class=\"wp-block-column is-layout-flow wp-block-column-is-layout-flow\"><style type=\"text\/css\">.zoom-instagram.feed-75{font-size:14px!important;padding:1px!important;}.zoom-instagram.feed-75 .zoom-instagram-widget__items{display:grid!important;grid-template-columns:repeat(3,1fr);}.zoom-instagram.feed-75 .zoom-instagram-widget__items{gap:10px!important;}<\/style>\n&#8230;<\/div>\n<\/div>\n<\/div>\n<\/div>\n","protected":false},"excerpt":{"rendered":"<p>Zapraszam do kontaktu 514 14 83 83 kowal.kominiarz@gmail.com<\/p>\n","protected":false},"author":1,"featured_media":0,"parent":0,"menu_order":0,"comment_status":"closed","ping_status":"closed","template":"","meta":{"footnotes":""},"_links":{"self":[{"href":"https:\/\/kowal-kominiarz.pl\/index.php?rest_route=\/wp\/v2\/pages\/13"}],"collection":[{"href":"https:\/\/kowal-kominiarz.pl\/index.php?rest_route=\/wp\/v2\/pages"}],"about":[{"href":"https:\/\/kowal-kominiarz.pl\/index.php?rest_route=\/wp\/v2\/types\/page"}],"author":[{"embeddable":true,"href":"https:\/\/kowal-kominiarz.pl\/index.php?rest_route=\/wp\/v2\/users\/1"}],"replies":[{"embeddable":true,"href":"https:\/\/kowal-kominiarz.pl\/index.php?rest_route=%2Fwp%2Fv2%2Fcomments&post=13"}],"version-history":[{"count":39,"href":"https:\/\/kowal-kominiarz.pl\/index.php?rest_route=\/wp\/v2\/pages\/13\/revisions"}],"predecessor-version":[{"id":164,"href":"https:\/\/kowal-kominiarz.pl\/index.php?rest_route=\/wp\/v2\/pages\/13\/revisions\/164"}],"wp:attachment":[{"href":"https:\/\/kowal-kominiarz.pl\/index.php?rest_route=%2Fwp%2Fv2%2Fmedia&parent=13"}],"curies":[{"name":"wp","href":"https:\/\/api.w.org\/{rel}","templated":true}]}}